{"id":286,"date":"2016-10-31T13:17:59","date_gmt":"2016-10-31T16:17:59","guid":{"rendered":"https:\/\/ifdvregina-rng.infd.edu.ar\/sitio\/?page_id=286"},"modified":"2021-09-16T09:43:33","modified_gmt":"2021-09-16T12:43:33","slug":"inicio","status":"publish","type":"page","link":"https:\/\/ifdvregina-rng.infd.edu.ar\/sitio\/","title":{"rendered":"Inicio"},"content":{"rendered":"<table id=\"table1\" style=\"width: 650px; border: 0px solid #000000;\" border=\"0\" cellspacing=\"0\" cellpadding=\"10\" align=\"center\">\n<tbody>\n<tr>\n<td style=\"text-align: center; border: 1px solid;\">\n<div><a href=\"https:\/\/ifdcregina.edu.ar\/sitio\/\"><img decoding=\"async\" loading=\"lazy\" class=\"alignnone\" title=\"IFDC\" src=\"https:\/\/ifdvregina-rng.infd.edu.ar\/sitio\/wp-content\/uploads\/2018\/06\/logoregina-sin-fondo.png\" alt=\"IFDC\" width=\"373\" height=\"280\" border=\"0\" \/><\/a><\/div>\n<h1><span style=\"font-size: 12pt;\">Instituci\u00f3n P\u00fablica, dependiende del Ministerio de Educaci\u00f3n y DDHH<br \/>\nde la Provincia de R\u00edo Negro<\/span><\/h1>\n<h3><!--\n\n\n\n<hr \/>\n\n\n\n\/\/--><a href=\"https:\/\/ifdcregina.edu.ar\/sitio\/\"><strong>Nuevo Sitio<\/strong><\/a><br \/>\n<!--\n\n\n<h2><a href=\"https:\/\/ifdvregina-rng.infd.edu.ar\/sitio\/?page_id=1834&preview=true\"><strong>Calendario Finales<\/strong><\/a>\n<a href=\"https:\/\/ifdvregina-rng.infd.edu.ar\/sitio\/?page_id=1834&preview=true\"><strong>JULIO \/ AGOSTO 2021<\/strong><\/a><\/h2>\n\n\n\n\n\n<hr \/>\n\n\n\n\n\n<h2><a href=\"https:\/\/ifdvregina-rng.infd.edu.ar\/sitio\/ingresantes-2018\/\">Ingresantes 2021<\/a><\/h2>\n\n\nInscripciones abiertas para el Segundo Cuatrimestre 2021\n\n\n\n<hr \/>\n\n\n\n\n\n<h1><strong><a href=\"https:\/\/www.ifdcregina.edu.ar\/autogestion\/\">AUTOGESTI\u00d3N<\/a> <\/strong><\/h1>\n\n\n(INSCRIPCI\u00d3N A FINALES Y CURSADAS - PLAN NUEVO)\n\n<a href=\"https:\/\/ifdvregina-rng.infd.edu.ar\/sitio\/guia-de-tramites-a-realizar-en-el-sitio\/\"><strong>GU\u00cdA DE TR\u00c1MITES<\/strong><\/a>\n<a href=\"https:\/\/ifdvregina-rng.infd.edu.ar\/sitio\/tutoriales-de-aulas-virtuales\/\"><strong>TUTORIALES DE AULAS VIRTUALES<\/strong><\/a>\n\n\n\n<hr \/>\n\n\n\n\/\/--><a href=\"https:\/\/campus.educacion.rionegro.gov.ar\/ift\/login\/index.php\"><strong>Campus Virtual<\/strong><\/a><br \/>\n<!--\n\n\n<h3><strong><span style=\"color: #ff0000;\">FINALES DE JULIO 2020<\/span><\/strong><\/h3>\n\n\n\/\/--><!--\n\n\n<table>\n\n\n<tbody>\n\n\n<tr>\n\n\n<td><a href=\"https:\/\/ifdvregina-rng.infd.edu.ar\/sitio\/wp-content\/uploads\/2020\/06\/finales.jpeg\" target=\"_blank\" rel=\"noopener\"><img decoding=\"async\" loading=\"lazy\" class=\"alignnone size-medium wp-image-1592\" src=\"https:\/\/ifdvregina-rng.infd.edu.ar\/sitio\/wp-content\/uploads\/2020\/06\/finales-1000x562.jpeg\" alt=\"\" width=\"1000\" height=\"562\" srcset=\"https:\/\/ifdvregina-rng.infd.edu.ar\/sitio\/wp-content\/uploads\/2020\/06\/finales-1000x562.jpeg 1000w, https:\/\/ifdvregina-rng.infd.edu.ar\/sitio\/wp-content\/uploads\/2020\/06\/finales-768x431.jpeg 768w, https:\/\/ifdvregina-rng.infd.edu.ar\/sitio\/wp-content\/uploads\/2020\/06\/finales.jpeg 1280w\" sizes=\"(max-width: 1000px) 100vw, 1000px\" \/><\/a><\/td>\n\n\n\n\n<td><a href=\"https:\/\/ifdvregina-rng.infd.edu.ar\/sitio\/wp-content\/uploads\/2020\/06\/contacto.jpeg\" target=\"_blank\" rel=\"noopener\"><img decoding=\"async\" loading=\"lazy\" class=\"alignnone size-full wp-image-1593\" src=\"https:\/\/ifdvregina-rng.infd.edu.ar\/sitio\/wp-content\/uploads\/2020\/06\/contacto.jpeg\" alt=\"\" width=\"940\" height=\"788\" srcset=\"https:\/\/ifdvregina-rng.infd.edu.ar\/sitio\/wp-content\/uploads\/2020\/06\/contacto.jpeg 940w, https:\/\/ifdvregina-rng.infd.edu.ar\/sitio\/wp-content\/uploads\/2020\/06\/contacto-768x644.jpeg 768w\" sizes=\"(max-width: 940px) 100vw, 940px\" \/><\/a><\/td>\n\n\n<\/tr>\n\n\n<\/tbody>\n\n\n<\/table>\n\n\n\/\/--><\/h3>\n<p><!--\n\n\n\n<hr \/>\n\n\n\n\n\n<h3><a href=\"https:\/\/ifdvregina-rng.infd.edu.ar\/sitio\/finales-febrero-2021\/\"><strong>FINALES FEBRERO 2021<\/strong><\/a><\/h3>\n\n\n\n\n\n<hr \/>\n\n\n\n\/\/--><br \/>\n<!--\n<a title=\"Revista Urdimbres\" href=\"index.cgi?wid_seccion=35\"><img decoding=\"async\" title=\"revista urdimbres\" src=\"https:\/\/ifdvregina-rng.infd.edu.ar\/sitio\/wp-content\/uploads\/2018\/06\/logo.jpg\" alt=\"revista urdimbres\" border=\"0\" \/><\/a>\n\n\n\n<hr \/>\n\n\n\n\n\n<div><\/div>\n\n\n\n\n<div><iframe loading=\"lazy\" src=\"\/\/www.youtube.com\/embed\/cNW0hRJPv0g?rel=0&wmode=transparent\" width=\"560\" height=\"315\" frameborder=\"0\"><\/iframe><\/div>\n\n\n\n\n<div>\n\n\n\n<hr style=\"width: 100px;\" width=\"100\" \/>\n\n<\/div>\n\n\n\/\/--><br \/>\n<!--\n\n\n<table border=\"1\" cellpadding=\"2\" align=\"center\">\n\n\n<tbody>\n\n\n<tr>\n\n\n<td><span style=\"font-family: arial black,avant garde; color: #3366ff; font-size: 12pt;\">NUESTRO INSTITUTO ES DESTACADO EN FORMACI\u00d3N PERMANENTE POR EL MINISTERIO DE EDUCACI\u00d3N<\/span>\n\n<span style=\"font-size: 10pt;\">El Instituto de Formaci\u00f3n Docente Continua de Villa Regina lleva adelante, desde el mes pasado, el curso de capacitaci\u00f3n \"Aula-Taller, como pr\u00e1ctica pedag\u00f3gica en el nivel medio\"...<\/span>\n\n\n<p style=\"text-align: right;\"><span style=\"font-size: 8pt;\"><strong><a href=\"http:\/\/www3.educacion.rionegro.gov.ar\/desarrollo_noti.php?id=3791\" target=\"_blank\" rel=\"noopener\">Seguir Leyendo...<\/a><\/strong><\/span><\/p>\n\n\n<\/td>\n\n\n<\/tr>\n\n\n<\/tbody>\n\n\n<\/table>\n\n\n\/\/--><br \/>\n<!--\n<a title=\"Trabaj\u00e1 en el IFDC\" href=\"https:\/\/goo.gl\/forms\/MZ7WqCFXHq4m8iDj1\"><img decoding=\"async\" loading=\"lazy\" src=\"https:\/\/ifdvregina-rng.infd.edu.ar\/sitio\/wp-content\/uploads\/2018\/06\/trabifdc.jpg\" alt=\"Trabaj\u00e1 en el IFDC\" width=\"450\" height=\"162\" border=\"0\" \/><\/a>\n\n\n<div>\n\n\n\n<hr style=\"width: 100px;\" width=\"100\" \/>\n\n<\/div>\n\n\n\/\/--><\/td>\n<td><!--\n\n\n<div><\/div>\n\n\n\n\n<div><\/div>\n\n\n\/\/--><\/td>\n<\/tr>\n<\/tbody>\n<\/table>\n<div><\/div>\n<hr \/>\n","protected":false},"excerpt":{"rendered":"<p>Instituci\u00f3n P\u00fablica, dependiende del Ministerio de Educaci\u00f3n y DDHH de la Provincia de R\u00edo Negro Nuevo Sitio Campus Virtual<\/p>\n","protected":false},"author":1,"featured_media":0,"parent":0,"menu_order":0,"comment_status":"closed","ping_status":"closed","template":"","meta":[],"acf":[],"_links":{"self":[{"href":"https:\/\/ifdvregina-rng.infd.edu.ar\/sitio\/wp-json\/wp\/v2\/pages\/286"}],"collection":[{"href":"https:\/\/ifdvregina-rng.infd.edu.ar\/sitio\/wp-json\/wp\/v2\/pages"}],"about":[{"href":"https:\/\/ifdvregina-rng.infd.edu.ar\/sitio\/wp-json\/wp\/v2\/types\/page"}],"author":[{"embeddable":true,"href":"https:\/\/ifdvregina-rng.infd.edu.ar\/sitio\/wp-json\/wp\/v2\/users\/1"}],"replies":[{"embeddable":true,"href":"https:\/\/ifdvregina-rng.infd.edu.ar\/sitio\/wp-json\/wp\/v2\/comments?post=286"}],"version-history":[{"count":165,"href":"https:\/\/ifdvregina-rng.infd.edu.ar\/sitio\/wp-json\/wp\/v2\/pages\/286\/revisions"}],"predecessor-version":[{"id":1923,"href":"https:\/\/ifdvregina-rng.infd.edu.ar\/sitio\/wp-json\/wp\/v2\/pages\/286\/revisions\/1923"}],"wp:attachment":[{"href":"https:\/\/ifdvregina-rng.infd.edu.ar\/sitio\/wp-json\/wp\/v2\/media?parent=286"}],"curies":[{"name":"wp","href":"https:\/\/api.w.org\/{rel}","templated":true}]}}