{"id":841,"date":"2018-06-29T20:53:31","date_gmt":"2018-06-29T23:53:31","guid":{"rendered":"https:\/\/ifdvregina-rng.infd.edu.ar\/sitio\/personal\/"},"modified":"2020-03-13T09:14:24","modified_gmt":"2020-03-13T12:14:24","slug":"personal","status":"publish","type":"page","link":"https:\/\/ifdvregina-rng.infd.edu.ar\/sitio\/personal\/","title":{"rendered":"Personal"},"content":{"rendered":"<p>&nbsp;<\/p>\n<p><strong><span style=\"font-size: 14pt;\"><span style=\"font-family: arial, helvetica, sans-serif;\">PROFESORADO DE EDUCACION PRIMARIA<\/span>\u00a0\u00a0<\/span>\u00a0\u00a0\u00a0\u00a0\u00a0\u00a0\u00a0\u00a0\u00a0\u00a0\u00a0\u00a0\u00a0\u00a0\u00a0\u00a0\u00a0\u00a0\u00a0\u00a0\u00a0\u00a0\u00a0\u00a0\u00a0\u00a0\u00a0\u00a0\u00a0\u00a0\u00a0\u00a0\u00a0\u00a0\u00a0\u00a0\u00a0\u00a0\u00a0\u00a0\u00a0\u00a0\u00a0\u00a0\u00a0\u00a0\u00a0\u00a0\u00a0\u00a0\u00a0\u00a0\u00a0\u00a0\u00a0\u00a0\u00a0\u00a0\u00a0\u00a0\u00a0\u00a0\u00a0\u00a0\u00a0 <\/strong><\/p>\n<p><span style=\"font-family: arial, helvetica, sans-serif; font-size: 10pt;\">\u00a0<strong>Coordinadora:\u00a0Mariela Hern\u00e1ndez<\/strong><\/span><\/p>\n<p><span style=\"font-family: arial, helvetica, sans-serif; font-size: 10pt;\"><strong>Docentes:<\/strong><\/span><\/p>\n<ul>\n<li><span style=\"font-family: arial, helvetica, sans-serif; font-size: 12pt;\">ANGELONI, Mar\u00eda Graciela: Naturales<\/span><\/li>\n<li><span style=\"font-family: arial, helvetica, sans-serif; font-size: 12pt;\">BRAVINO Mar\u00eda Carolina: Educaci\u00f3n<\/span><\/li>\n<li><span style=\"font-family: arial, helvetica, sans-serif; font-size: 12pt;\">CABANA CROZZA Lucrecia: Cs. Sociales<\/span><\/li>\n<li><span style=\"font-family: arial, helvetica, sans-serif; font-size: 12pt;\">CABELLO, Araceli:\u00a0Educaci\u00f3n<\/span><\/li>\n<li><span style=\"font-family: arial, helvetica, sans-serif; font-size: 12pt;\">CARDELLI, Silvina: Cs. Sociales<\/span><\/li>\n<li><span style=\"font-family: arial, helvetica, sans-serif; font-size: 12pt;\">CARNEVALE, Gabriela:\u00a0Educaci\u00f3n<\/span><\/li>\n<li><span style=\"font-family: arial, helvetica, sans-serif; font-size: 12pt;\">CARRASCO, Francisco:\u00a0Expresivas; Ed. F\u00edsica<\/span><\/li>\n<li>CERVANTES, Anabela: Cs. Naturales<\/li>\n<li><span style=\"font-family: arial, helvetica, sans-serif; font-size: 12pt;\">DE GROSSI, Noelia: Cs. Sociales<\/span><\/li>\n<li>DIAZ, Nanci: Matem\u00e1tica<\/li>\n<li><span style=\"font-family: arial, helvetica, sans-serif; font-size: 12pt;\">FERNANDEZ, Cintia: Lengua<\/span><\/li>\n<li><span style=\"font-family: arial, helvetica, sans-serif; font-size: 12pt;\">GARCIA, Luciana: Lengua<\/span><\/li>\n<li><span style=\"font-family: arial, helvetica, sans-serif; font-size: 12pt;\">GOMEZ, M\u00f3nica: Educ. y TIC<\/span><\/li>\n<li>FISCHERMAN, Lucila: Lengua y Literatura<\/li>\n<li><span style=\"font-family: arial, helvetica, sans-serif; font-size: 12pt;\">HERN\u00c1NDEZ, Mariela:\u00a0\u00a0Educaci\u00f3n<\/span><\/li>\n<li><span style=\"font-family: arial, helvetica, sans-serif; font-size: 12pt;\">IBA\u00d1EZ Andr\u00e9s:\u00a0\u00a0Tecnolog\u00eda<\/span><\/li>\n<li><span style=\"font-family: arial, helvetica, sans-serif; font-size: 12pt;\">ORGEIRA, Socorro: Lengua y Literatura<\/span><\/li>\n<li><span style=\"font-family: arial, helvetica, sans-serif; font-size: 12pt;\">PAOLOROSSI Patricia:\u00a0Expresivas; M\u00fasica<\/span><\/li>\n<li>PERAZZOLI, Mar\u00eda Alejandra: Matem\u00e1tica<\/li>\n<li><span style=\"font-family: arial, helvetica, sans-serif; font-size: 12pt;\">P\u00c9REZ PERTINO Pedro: Cs.\u00a0Sociales<\/span><\/li>\n<li><span style=\"font-family: arial, helvetica, sans-serif; font-size: 12pt;\">RAMIREZ Tamara:\u00a0Educaci\u00f3n<\/span><\/li>\n<li><span style=\"font-family: arial, helvetica, sans-serif; font-size: 12pt;\">QUINTANA, Paula: Expresiva<\/span><\/li>\n<li><span style=\"font-family: arial, helvetica, sans-serif; font-size: 12pt;\">RIVERO, Silvia: Educaci\u00f3n<\/span><\/li>\n<li><span style=\"font-family: arial, helvetica, sans-serif; font-size: 12pt;\">ROSEL, Flavia.:\u00a0Educaci\u00f3n<\/span><\/li>\n<li><span style=\"font-family: arial, helvetica, sans-serif; font-size: 12pt;\">STOLZE, Brenda: Naturales<\/span><\/li>\n<li><span style=\"font-family: arial, helvetica, sans-serif; font-size: 12pt;\">UGARTE, Florencia: Educaci\u00f3n<\/span><\/li>\n<li><span style=\"font-family: arial, helvetica, sans-serif; font-size: 12pt;\">VERZINI Norma: Matem\u00e1tica<\/span><\/li>\n<li><span style=\"font-family: arial, helvetica, sans-serif; font-size: 12pt;\">VERZINI, Norma: Matem\u00e1tica<\/span><\/li>\n<li><span style=\"font-family: arial, helvetica, sans-serif; font-size: 12pt;\">ZYLA, Marisa:\u00a0Cs. Naturales<\/span><\/li>\n<\/ul>\n<p><span style=\"font-size: 14pt; font-family: arial, helvetica, sans-serif;\"><strong>PROFESORADO DE EDUCACI\u00d3N ESPECIAL CON ORIENTACI\u00d3N EN DISCAPACIDAD INTELECTUAL<\/strong><\/span><\/p>\n<p><span style=\"font-family: arial, helvetica, sans-serif; font-size: 10pt;\"><strong>Coordinadora: Marisa\u00a0Zyla<\/strong><\/span><\/p>\n<p><span style=\"font-family: arial, helvetica, sans-serif; font-size: 10pt;\"><strong>Docentes:<\/strong><\/span><\/p>\n<ul>\n<li><span style=\"font-family: arial, helvetica, sans-serif; font-size: 12pt;\">ANGELONI, Graciela:\u00a0Matem\u00e1tica y su did\u00e1ctica<\/span><\/li>\n<li>BOTTOS, Ana: Did\u00e1ctica General<\/li>\n<li><span style=\"font-size: 12pt;\">CORTES Fernando:\u00a0Educaci\u00f3n f\u00edsica<\/span><\/li>\n<li><span style=\"font-size: 12pt;\">D`HERV\u00c9, Samanta: Pr\u00e1ctica Docente<\/span><\/li>\n<li><span style=\"font-size: 12pt;\">ELIZONDO Rita Arcelia: Lengua, Literatura y su Did\u00e1ctica<\/span><\/li>\n<li><span style=\"font-size: 12pt;\"><span style=\"font-family: arial, helvetica, sans-serif;\">FISCHERMAN Lucila: Seminario de literatura infantil<\/span><\/span><\/li>\n<li><span style=\"font-size: 12pt;\">GIL Sandra:\u00a0Psicolog\u00eda<\/span><\/li>\n<li><span style=\"font-family: arial, helvetica, sans-serif; font-size: 12pt;\">GONZALEZ, Mar\u00eda Laura: Problem\u00e1ticas Contempor\u00e1neas<\/span><\/li>\n<li><span style=\"font-family: arial, helvetica, sans-serif; font-size: 12pt;\">GOMEZ Fabiana:\u00a0Seminario de calidad de vida y HHSS \u2013 Seminario de Gesti\u00f3n Comunitaria<\/span><\/li>\n<li><span style=\"font-family: arial, helvetica, sans-serif; font-size: 12pt;\">HERNANDEZ, Paula:\u00a0El lenguaje y sus dificultades<\/span><\/li>\n<li><span style=\"font-size: 12pt;\">KOLMAN Luciana:\u00a0Evaluaci\u00f3n educativa<\/span><\/li>\n<li><span style=\"font-size: 12pt;\">LYNCH Mariana:\u00a0Expresi\u00f3n corporal y teatro<\/span><\/li>\n<li><span style=\"font-size: 12pt;\">MARTINEZ, Gabriela: Pr\u00e1ctica Docente y Fundamentos Neurobiol\u00f3gicos del\u00a0Desarrollo y Aprendizaje<\/span><\/li>\n<li><span style=\"font-family: arial, helvetica, sans-serif; font-size: 12pt;\">MARTINEZ Mar\u00eda Jos\u00e9: Psicomotricidad\u00a0<\/span><\/li>\n<li><span style=\"font-family: arial, helvetica, sans-serif; font-size: 12pt;\">MORA Carolina:\u00a0Neuropatolog\u00eda<\/span><\/li>\n<li><span style=\"font-family: arial, helvetica, sans-serif; font-size: 12pt;\">MORALES Macarena: Antropolog\u00eda sociocultural<\/span><\/li>\n<li><span style=\"font-size: 12pt;\"><span style=\"font-family: arial, helvetica, sans-serif;\">PAOLOROSSI Patricia: Educaci\u00f3n Art\u00edstica: M\u00fasica<\/span><\/span><\/li>\n<li><span style=\"font-size: 12pt;\">QUINTANA Paula: Ed. Art\u00edstica; Pl\u00e1stica<\/span><\/li>\n<li><span style=\"font-family: arial, helvetica, sans-serif; font-size: 12pt;\">RAMIREZ Tamara:\u00a0Pr\u00e1ctica Docente<\/span><\/li>\n<li><span style=\"font-size: 12pt;\">STOLZE, Brenda.:\u00a0Cs. Sociales y su did\u00e1ctica<\/span><\/li>\n<li><span style=\"font-family: arial, helvetica, sans-serif; font-size: 12pt;\">UGARTE, Florencia.: Psicolog\u00eda de los trastornos del desarrollo<\/span><\/li>\n<\/ul>\n<p><span style=\"font-size: 14pt; font-family: arial, helvetica, sans-serif;\"><strong>PROFESORADO DE EDUCACI\u00d3N SENCUNDARIA EN LENGUA Y LITERATURA<\/strong><\/span><\/p>\n<p><span style=\"font-family: arial, helvetica, sans-serif; font-size: 10pt;\"><strong>Coordinadora:\u00a0Flavia Rosel<\/strong><\/span><\/p>\n<p><span style=\"font-family: arial, helvetica, sans-serif; font-size: 10pt;\"><strong>Docentes:<\/strong><\/span><\/p>\n<ul>\n<li><span style=\"font-family: arial, helvetica, sans-serif; font-size: 10pt;\">AGUILERA Marcos: Taller de teatro\u00a0<\/span><\/li>\n<li><span style=\"font-family: arial, helvetica, sans-serif; font-size: 10pt;\">ARGA\u00d1ARAZ Mar\u00eda Antonia:\u00a0Pedagog\u00eda- Did\u00e1ctica Gral- Sociolog\u00eda de la Educac- Pr\u00e1cticas Docentes III<\/span><\/li>\n<li>BOTTOS Ana:\u00a0Pr\u00e1cticas Docentes I<\/li>\n<li>CABELLO, Araceli.: Pr\u00e1cticas Docentes II<\/li>\n<li><span style=\"font-family: arial, helvetica, sans-serif; font-size: 10pt;\">CARNEVALE, Gabriela: Taller de pr\u00e1ctica docente<\/span><\/li>\n<li><span style=\"font-family: arial, helvetica, sans-serif; font-size: 10pt;\">CARRION Jorge: Literatura Argentina \u2013 Ens. De la Lengua y Literatura II<\/span><\/li>\n<li><span style=\"font-family: arial, helvetica, sans-serif; font-size: 10pt;\">CASSOL Bibiana: Pol\u00edticas Educativas y Educac. Secundaria<\/span><\/li>\n<li><span style=\"font-family: arial, helvetica, sans-serif; font-size: 10pt;\">CERUTTI Alba: Literatura Juvenil<\/span><\/li>\n<li><span style=\"font-family: arial, helvetica, sans-serif; font-size: 10pt;\">ELIZONDO Rita:\u00a0Pr\u00e1cticas Docentes IV y Residencia Pedag\u00f3gica<\/span><\/li>\n<li><span style=\"font-family: arial, helvetica, sans-serif; font-size: 10pt;\">FERNANDEZ Cintia: Seminario de Teor\u00eda y Cr\u00edtica Literaria \u2013 Seminario de Alfabetizaci\u00f3n<\/span><\/li>\n<li><span style=\"font-family: arial, helvetica, sans-serif; font-size: 10pt;\">GARCIA STIPANCICH Mario: Ense\u00f1anza de la Lengua y Literatura I \u2013 Seminario de Historia de la Lengua Castellana<\/span><\/li>\n<li><span style=\"font-family: arial, helvetica, sans-serif; font-size: 10pt;\">M\u00d3NICA\u00a0G\u00d3MEZ:\u00a0Alfabetizaci\u00f3n Digital y Tecnolog\u00eda, comunicaci\u00f3n y educaci\u00f3n<\/span><\/li>\n<li>MORA Carolina:\u00a0Psicolog\u00eda y Cultura Adolescente<\/li>\n<li><span style=\"font-family: arial, helvetica, sans-serif; font-size: 10pt;\">MORALES Macarena:\u00a0Filosof\u00eda<\/span><\/li>\n<li><span style=\"font-family: arial, helvetica, sans-serif; font-size: 10pt;\">NARVAEZ Mar\u00eda Ver\u00f3nica:\u00a0Antropolog\u00eda<\/span><\/li>\n<li><span style=\"font-family: arial, helvetica, sans-serif; font-size: 10pt;\">NATALINI Valentina: Literatura hispanoamericana<\/span><\/li>\n<li><span style=\"font-family: arial, helvetica, sans-serif; font-size: 10pt;\">NOSENZO Carina: Textos po\u00e9ticos<\/span><\/li>\n<li><span style=\"font-family: arial, helvetica, sans-serif; font-size: 10pt;\">PAREDES, Rosana: Alfabetizaci\u00f3n Acad\u00e9mica<\/span><\/li>\n<li><span style=\"font-family: arial, helvetica, sans-serif; font-size: 10pt;\">SALINA Gustavo:\u00a0Est\u00e9tica e historia del arte<\/span><\/li>\n<li><span style=\"font-family: arial, helvetica, sans-serif; font-size: 10pt;\">SCARPA Mar\u00eda Leticia:\u00a0Semi\u00f3tica<\/span><\/li>\n<li><span style=\"font-family: arial, helvetica, sans-serif; font-size: 10pt;\">SIGOT Mat\u00edas: Literatura Espa\u00f1ola \u2013 Literatura y cultura Grecolatina<\/span><\/li>\n<li><span style=\"font-family: arial, helvetica, sans-serif; font-size: 10pt;\">SIMONIT Graciela: Introducci\u00f3n a los estudios literarios- Teor\u00eda y pr\u00e1ctica de la lengua y la escritura- Alfabetizaci\u00f3n acad\u00e9mica\u00a0<\/span><\/li>\n<li><span style=\"font-family: arial, helvetica, sans-serif; font-size: 10pt;\">VALDEZ Laura: Ense\u00f1anza de la lengua y literatura III- Gram\u00e1tica y Normativa de la lengua espa\u00f1ola I \u2013 Historia de la ense\u00f1anza de la lengua y la literatura<\/span><\/li>\n<li><span style=\"font-family: arial, helvetica, sans-serif; font-size: 10pt;\">VALDIVIA Javier: Ling\u00fc\u00edstica general y socioling\u00fc\u00edstica I<\/span><\/li>\n<li><span style=\"font-family: arial, helvetica, sans-serif; font-size: 10pt;\">VALGOI Natalia: Fundamentos epistemol\u00f3gicos y metodol\u00f3gicos de la investigaci\u00f3n educativa<\/span><\/li>\n<\/ul>\n<p><strong style=\"font-family: arial, helvetica, sans-serif; font-size: 14pt;\">SECRETARIOS:<\/strong><\/p>\n<ul>\n<li>MU\u00d1OZ, Flavia: Secretaria Estudiantil de Educaci\u00f3n Primaria<\/li>\n<li>FAGOTTI, Sandra: Secretaria Estudiantil de Educaci\u00f3n Especial<\/li>\n<li>VILLARROEL, Gloria: Secretaria Estudiantil de Lengua y Literatura<\/li>\n<li>BERON, Mariel: Secretaria Administrativa<\/li>\n<li>FONTANA, Mabel: Secretaria Administrativa<\/li>\n<\/ul>\n<p><strong><span style=\"font-family: arial, helvetica, sans-serif; font-size: 14pt;\">BIBLIOTECARIOS:<\/span><\/strong><\/p>\n<ul>\n<li><span style=\"font-family: arial, helvetica, sans-serif; font-size: 10pt;\">Luis Piubelli \u2013 Turno tarde<\/span><\/li>\n<li><span style=\"font-size: 10pt; font-family: arial, helvetica, sans-serif;\">Adriana Moreno \u2013 Turno tarde<\/span><\/li>\n<li><span style=\"font-size: 10pt; font-family: arial, helvetica, sans-serif;\">Monica A\u00f3n \u2013 Turno ma\u00f1ana (licencia)<\/span><\/li>\n<li><span style=\"font-size: 10pt; font-family: arial, helvetica, sans-serif;\">In\u00e9s Riffo \u2013 Turno ma\u00f1ana (suplente)<\/span><\/li>\n<\/ul>\n<p>&nbsp;<\/p>\n<p><strong><span style=\"font-family: arial, helvetica, sans-serif; font-size: 14pt;\">C.I.P.E:<\/span><\/strong><\/p>\n<ul>\n<li><span style=\"font-family: arial, helvetica, sans-serif; font-size: 10pt;\">Coordinadora Institucional de Pol\u00edticas Educativas: Mar\u00eda Celeste Zubeld\u00eda<\/span><\/li>\n<\/ul>\n<p><span style=\"font-family: arial, helvetica, sans-serif; font-size: 10pt;\">\u00a0<\/span><\/p>\n<p><strong><span style=\"font-family: arial, helvetica, sans-serif; font-size: 14pt;\">REFERENTES TIC:<\/span><\/strong><\/p>\n<ul>\n<li>MU\u00d1OZ, Pablo<\/li>\n<li>DIAZ, Claudio<\/li>\n<\/ul>\n<p>&nbsp;<\/p>\n","protected":false},"excerpt":{"rendered":"<p>&nbsp; PROFESORADO DE EDUCACION PRIMARIA\u00a0\u00a0\u00a0\u00a0\u00a0\u00a0\u00a0\u00a0\u00a0\u00a0\u00a0\u00a0\u00a0\u00a0\u00a0\u00a0\u00a0\u00a0\u00a0\u00a0\u00a0\u00a0\u00a0\u00a0\u00a0\u00a0\u00a0\u00a0\u00a0\u00a0\u00a0\u00a0\u00a0\u00a0\u00a0\u00a0\u00a0\u00a0\u00a0\u00a0\u00a0\u00a0\u00a0\u00a0\u00a0\u00a0\u00a0\u00a0\u00a0\u00a0\u00a0\u00a0\u00a0\u00a0\u00a0\u00a0\u00a0\u00a0\u00a0\u00a0\u00a0\u00a0\u00a0\u00a0\u00a0\u00a0\u00a0 \u00a0Coordinadora:\u00a0Mariela Hern\u00e1ndez Docentes: ANGELONI, Mar\u00eda Graciela: Naturales BRAVINO Mar\u00eda Carolina: Educaci\u00f3n CABANA CROZZA Lucrecia: Cs. Sociales CABELLO, Araceli:\u00a0Educaci\u00f3n CARDELLI, Silvina: Cs. Sociales CARNEVALE, Gabriela:\u00a0Educaci\u00f3n CARRASCO, Francisco:\u00a0Expresivas; Ed. F\u00edsica CERVANTES, Anabela: Cs. Naturales DE GROSSI, Noelia: Cs. Sociales DIAZ, Nanci: Matem\u00e1tica FERNANDEZ, Cintia: Lengua GARCIA, Luciana: Lengua GOMEZ, M\u00f3nica: Educ. y &#8230; <a title=\"Personal\" class=\"read-more\" href=\"https:\/\/ifdvregina-rng.infd.edu.ar\/sitio\/personal\/\" aria-label=\"More on Personal\">[+]<\/a><\/p>\n","protected":false},"author":580,"featured_media":0,"parent":0,"menu_order":0,"comment_status":"closed","ping_status":"closed","template":"","meta":[],"acf":[],"_links":{"self":[{"href":"https:\/\/ifdvregina-rng.infd.edu.ar\/sitio\/wp-json\/wp\/v2\/pages\/841"}],"collection":[{"href":"https:\/\/ifdvregina-rng.infd.edu.ar\/sitio\/wp-json\/wp\/v2\/pages"}],"about":[{"href":"https:\/\/ifdvregina-rng.infd.edu.ar\/sitio\/wp-json\/wp\/v2\/types\/page"}],"author":[{"embeddable":true,"href":"https:\/\/ifdvregina-rng.infd.edu.ar\/sitio\/wp-json\/wp\/v2\/users\/580"}],"replies":[{"embeddable":true,"href":"https:\/\/ifdvregina-rng.infd.edu.ar\/sitio\/wp-json\/wp\/v2\/comments?post=841"}],"version-history":[{"count":4,"href":"https:\/\/ifdvregina-rng.infd.edu.ar\/sitio\/wp-json\/wp\/v2\/pages\/841\/revisions"}],"predecessor-version":[{"id":1578,"href":"https:\/\/ifdvregina-rng.infd.edu.ar\/sitio\/wp-json\/wp\/v2\/pages\/841\/revisions\/1578"}],"wp:attachment":[{"href":"https:\/\/ifdvregina-rng.infd.edu.ar\/sitio\/wp-json\/wp\/v2\/media?parent=841"}],"curies":[{"name":"wp","href":"https:\/\/api.w.org\/{rel}","templated":true}]}}