{"id":849,"date":"2018-06-29T20:53:34","date_gmt":"2018-06-29T23:53:34","guid":{"rendered":"https:\/\/ifdvregina-rng.infd.edu.ar\/sitio\/autoridades\/"},"modified":"2021-04-09T19:39:17","modified_gmt":"2021-04-09T22:39:17","slug":"autoridades","status":"publish","type":"page","link":"https:\/\/ifdvregina-rng.infd.edu.ar\/sitio\/autoridades\/","title":{"rendered":"Autoridades"},"content":{"rendered":"<p><strong>EQUIPO DIRECTIVO<\/strong><br \/>\nJorge Ernesto Haap \u2013 Director<br \/>\nChristian Ahrensburg \u2013 Coordinador de Formaci\u00f3n Inicial<\/p>\n<p><strong>Claustro de ESTUDIANTES<\/strong><br \/>\n<em>Titulares<\/em><br \/>\n\u2022 Olivares Cristian Alejandro<br \/>\n\u2022 Vejar Christian Jes\u00fas Germ\u00e1n<br \/>\n<em>Suplentes<\/em><br \/>\n\u2022 Olgu\u00edn Juan Jos\u00e9<br \/>\n\u2022 Inostroza Mat\u00edas Gast\u00f3n<\/p>\n<p><strong>Claustro de EGRESADOS<\/strong><br \/>\n<em>Titulares<\/em><br \/>\nParedes, Rosana<br \/>\nCorrea, Bel\u00e9n<br \/>\nSuplentes:<br \/>\nParedes, Julia<br \/>\nSciardis, Antonella<\/p>\n<p><strong>Claustro DOCENTE<\/strong><br \/>\n<em>Titulares<\/em><br \/>\n\u2022 Mar\u00eda Alejandra Perazzoli<br \/>\n\u2022 Gabriela Alejandra Carnevale<br \/>\n\u2022 Morales Macarena<br \/>\n\u2022 Ram\u00edrez Tamara<br \/>\n<em>Suplentes<\/em><br \/>\n\u2022 Luciana Patricia Garc\u00eda<br \/>\n\u2022 Andr\u00e9s Iba\u00f1ez<\/p>\n<p><strong>Coordinadoras de Carrera<\/strong><br \/>\nMariela Hern\u00e1ndez (Prof. de Educaci\u00f3n Primaria)<br \/>\nAntonia Arga\u00f1araz (Prof. de Enducaci\u00f3n Secundaria en Lengua y Literatura)<br \/>\nSamanta D&#8217;Herv\u00e9 (Prof. de Educaci\u00f3n Especial)<\/p>\n","protected":false},"excerpt":{"rendered":"<p>EQUIPO DIRECTIVO Jorge Ernesto Haap \u2013 Director Christian Ahrensburg \u2013 Coordinador de Formaci\u00f3n Inicial Claustro de ESTUDIANTES Titulares \u2022 Olivares Cristian Alejandro \u2022 Vejar Christian Jes\u00fas Germ\u00e1n Suplentes \u2022 Olgu\u00edn Juan Jos\u00e9 \u2022 Inostroza Mat\u00edas Gast\u00f3n Claustro de EGRESADOS Titulares Paredes, Rosana Correa, Bel\u00e9n Suplentes: Paredes, Julia Sciardis, Antonella Claustro DOCENTE Titulares \u2022 Mar\u00eda Alejandra &#8230; <a title=\"Autoridades\" class=\"read-more\" href=\"https:\/\/ifdvregina-rng.infd.edu.ar\/sitio\/autoridades\/\" aria-label=\"More on Autoridades\">[+]<\/a><\/p>\n","protected":false},"author":580,"featured_media":0,"parent":0,"menu_order":0,"comment_status":"closed","ping_status":"closed","template":"","meta":[],"acf":[],"_links":{"self":[{"href":"https:\/\/ifdvregina-rng.infd.edu.ar\/sitio\/wp-json\/wp\/v2\/pages\/849"}],"collection":[{"href":"https:\/\/ifdvregina-rng.infd.edu.ar\/sitio\/wp-json\/wp\/v2\/pages"}],"about":[{"href":"https:\/\/ifdvregina-rng.infd.edu.ar\/sitio\/wp-json\/wp\/v2\/types\/page"}],"author":[{"embeddable":true,"href":"https:\/\/ifdvregina-rng.infd.edu.ar\/sitio\/wp-json\/wp\/v2\/users\/580"}],"replies":[{"embeddable":true,"href":"https:\/\/ifdvregina-rng.infd.edu.ar\/sitio\/wp-json\/wp\/v2\/comments?post=849"}],"version-history":[{"count":7,"href":"https:\/\/ifdvregina-rng.infd.edu.ar\/sitio\/wp-json\/wp\/v2\/pages\/849\/revisions"}],"predecessor-version":[{"id":1745,"href":"https:\/\/ifdvregina-rng.infd.edu.ar\/sitio\/wp-json\/wp\/v2\/pages\/849\/revisions\/1745"}],"wp:attachment":[{"href":"https:\/\/ifdvregina-rng.infd.edu.ar\/sitio\/wp-json\/wp\/v2\/media?parent=849"}],"curies":[{"name":"wp","href":"https:\/\/api.w.org\/{rel}","templated":true}]}}