{"id":871,"date":"2018-07-10T12:46:33","date_gmt":"2018-07-10T15:46:33","guid":{"rendered":"https:\/\/ifdvregina-rng.infd.edu.ar\/sitio\/?page_id=871"},"modified":"2018-07-10T12:46:33","modified_gmt":"2018-07-10T15:46:33","slug":"materiales-de-catedra-area-ensenanza-de-lengua-y-literatura","status":"publish","type":"page","link":"https:\/\/ifdvregina-rng.infd.edu.ar\/sitio\/materiales-de-catedra-area-ensenanza-de-lengua-y-literatura\/","title":{"rendered":"Materiales de C\u00e1tedra &#8211; \u00c1REA: ENSE\u00d1ANZA DE LENGUA Y LITERATURA"},"content":{"rendered":"<p><span style=\"font-size: 10pt;\"><span style=\"font-family: arial,helvetica,sans-serif;\"><strong><span style=\"text-decoration: underline;\">PRIMER A&Ntilde;O<\/span><\/strong><\/span><\/span><\/p>\n<p class=\"Texto_arial\" style=\"text-align: left;\"><span style=\"font-size: 10pt;\"><span style=\"font-family: arial,helvetica,sans-serif;\">&#8211; <span style=\"text-decoration: underline;\"><a title=\"el texto expositivo\" href=\"upload\/El_txt_expositivo_esquema_de_concepto.DOC\" target=\"_blank\">El texto expositivo: Esquema<\/a><\/span><\/span><\/span><\/p>\n<p class=\"Texto_arial\" style=\"text-align: left;\"><span style=\"font-size: 10pt;\"><span style=\"font-family: arial,helvetica,sans-serif;\">&#8211; <span style=\"text-decoration: underline;\"><a title=\"EL ENVENENADOR\" href=\"upload\/EL_ENVENENADOR_DE.doc\" target=\"_blank\">El envenenador<\/a>&#8230;<\/span><\/span><\/span><\/p>\n<p class=\"Texto_arial\" style=\"text-align: left;\"><span style=\"font-size: 10pt;\"><span style=\"font-family: arial,helvetica,sans-serif;\">&#8211; <span style=\"text-decoration: underline;\"><a title=\"El &uacute;ltimo lector-Ricardo Piglia.doc\" href=\"upload\/El_ultimo_lectorRicardo_Piglia.doc\" target=\"_blank\">El &uacute;ltimo lector-Ricardo Piglia<\/a><\/span><\/span><\/span><\/p>\n<p class=\"Texto_arial\" style=\"text-align: left;\"><span style=\"font-size: 10pt;\"><span style=\"font-family: arial,helvetica,sans-serif;\">&#8211; <a title=\"teoria cuento fantastico\" href=\"upload\/cuento_fantastico_para_primer_anio.doc\" target=\"_blank\">Teor&iacute;a cuento fantastico<\/a><\/span><\/span><\/p>\n<p class=\"Texto_arial\" style=\"text-align: left;\"><span style=\"font-size: 10pt;\"><span style=\"font-family: arial,helvetica,sans-serif;\">&#8211; <\/span><\/span><a title=\"Mario Vargas Llosa. Cartas a un novelista. Ariel. Barcelona. 1997\" href=\"upload\/Cartas_a_un_novelista.doc\" target=\"_blank\">Mario Vargas Llosa. Cartas a un novelista. Ariel. Barcelona. 1997<\/a><span style=\"font-size: 10pt;\"><span style=\"font-family: arial,helvetica,sans-serif;\">&nbsp;<\/span><\/span><\/p>\n<p class=\"Texto_arial\" style=\"text-align: left;\"><span style=\"font-size: 10pt;\"><span style=\"font-family: arial,helvetica,sans-serif;\">&#8211; <\/span><\/span><a title=\"Ricardo Piglia. Formas breves\" href=\"upload\/FORMAS_BREVES_Ricardo_Piglia.doc\" target=\"_blank\">Ricardo Piglia. Formas breves<\/a><\/p>\n<p class=\"Texto_arial\" style=\"text-align: left;\">&#8211; <a title=\"Cuentos para primer a&ntilde;o\" href=\"upload\/Cuentos_para_Primer_anio.doc\" target=\"_blank\">Cuentos para primer a&ntilde;o<\/a><\/p>\n<p class=\"Texto_arial\" style=\"text-align: left;\">&#8211; <a title=\"El texto narrativo\" href=\"upload\/El_texto_narrativo.doc\" target=\"_blank\">El texto narrativo<\/a><\/p>\n<p>&#8211; <a title=\"Castagnino - CUENTO- ARTEFACTO Y ARTIFICIOS DEL CUENTO\" href=\"upload\/Castagnino__CUENTO_ARTEFACTO_Y_ARTIFICIOS_DEL_CUENTO.doc\" target=\"_blank\">Castagnino, Ra&uacute;l. \u00abCuento &#8211; Artefacto&rdquo; y artificios del cuento<\/a><\/p>\n<p>&#8211; <a title=\"cuentos fant&agrave;sticos 2012\" href=\"upload\/cuentosfantasticos2012.doc\" target=\"_blank\">Cuentos fant&aacute;sticos (2012)<\/a><\/p>\n<p style=\"text-align: left;\"><strong><span style=\"font-size: 10pt;\"><span style=\"font-family: arial,helvetica,sans-serif;\"><span style=\"color: #003300;\">Novelas<\/span><\/span><\/span><\/strong><\/p>\n<p class=\"Texto_arial\"><span style=\"font-size: 10pt;\"><span style=\"font-family: arial,helvetica,sans-serif;\">&#8211; <a title=\"baricco, alessandro &middot; seda &middot; 1996\" href=\"upload\/baricco_alessandro__seda__1996.doc\" target=\"_blank\">Novela: Baricco, Alessandro &middot; seda &middot; 1996<\/a><\/span><\/span><\/p>\n<p style=\"text-align: left;\"><strong><span style=\"font-size: 10pt;\"><span style=\"font-family: arial,helvetica,sans-serif;\"><span style=\"color: #003300;\">Cuentos policiales<\/span><\/span><\/span><\/strong><\/p>\n<p class=\"Texto_arial\"><span style=\"font-size: 10pt;\"><span style=\"font-family: arial,helvetica,sans-serif;\">&#8211; <a title=\"Edgar Allan Poe\" href=\"upload\/Edgar_Allan_Poe.docx\" target=\"_blank\">Cuento: Edgar Allan Poe<\/a><\/span><\/span><\/p>\n<p class=\"Texto_arial\"><span style=\"font-size: 10pt;\"><span style=\"font-family: arial,helvetica,sans-serif;\">&#8211; <a title=\"El tratado naval.\" href=\"upload\/El_tratado_naval.docx\" target=\"_blank\">Cuento: El tratado naval<\/a><\/span><\/span><\/p>\n<p class=\"Texto_arial\"><span style=\"font-size: 10pt;\"><span style=\"font-family: arial,helvetica,sans-serif;\">&#8211; <a title=\"La aventura de las cinco semillas de naranja.\" href=\"upload\/La_aventura_de_las_cinco_semillas_de_naranja.docx\" target=\"_blank\">Cuento: La aventura de las cinco semillas de naranja<\/a><\/span><\/span><\/p>\n<p class=\"Texto_arial\"><span style=\"font-size: 10pt;\"><span style=\"font-family: arial,helvetica,sans-serif;\">&#8211; <a title=\"LAS PISADAS MISTERIOSAS  de Chesterton\" href=\"upload\/LAS_PISADAS_MISTERIOSAS__de_Chesterton.docx\" target=\"_blank\">Cuento: Las pisadas misteriosas&nbsp; de Chesterton<\/a><\/span><\/span><\/p>\n<p class=\"Texto_arial\"><span style=\"font-size: 10pt;\"><span style=\"font-family: arial,helvetica,sans-serif;\">&#8211; <a title=\"LOS CRIMENES DE LA CALLE MORGUE\" href=\"upload\/LOS_CRIMENES_DE_LA_CALLE_MORGUE.docx\" target=\"_blank\">Cuento: Los cr&iacute;menes de la calle Morgue<br \/><\/a><\/span><\/span><\/p>\n<p class=\"Texto_arial\"><span style=\"font-size: 10pt;\"><span style=\"font-family: arial,helvetica,sans-serif;\">&#8211; <a title=\"Rodolfo Walsh.\" href=\"upload\/Rodolfo_Walsh.docx\" target=\"_blank\">Cuento: Rodolfo Walsh<\/a><\/span><\/span><\/p>\n<p class=\"Texto_arial\"><span style=\"font-size: 10pt;\"><span style=\"font-family: arial,helvetica,sans-serif;\">&#8211; <a title=\"La pesquisa de Don Frutos\" href=\"upload\/La_pesquisa_de_Don_Frutos.docx\" target=\"_blank\">La pesquisa de Don Frutos<\/a><\/span><\/span><\/p>\n<p class=\"Texto_arial\"><span style=\"font-size: 10pt;\"><span style=\"font-family: arial,helvetica,sans-serif;\">&#8211; <a title=\"Otros cuentos policiales para primer a&ntilde;o\" href=\"upload\/otros_cuentos_policiales.doc\" target=\"_blank\">Otros cuentos policiales para primer a&ntilde;o<\/a><\/span><\/span><\/p>\n<p style=\"text-align: left;\"><span style=\"font-size: 10pt;\"><span style=\"font-family: arial,helvetica,sans-serif;\">Material te&oacute;rico<\/span><\/span><\/p>\n<p class=\"Texto_arial\"><span style=\"font-size: 10pt;\"><span style=\"font-family: arial,helvetica,sans-serif;\">&#8211; <a title=\"C&oacute;mo escribir un cuento polic&iacute;aco\" href=\"upload\/Como_escribir_un_cuento_policiaco.3.docx\" target=\"_blank\">C&oacute;mo escribir un cuento polic&iacute;aco.<\/a><\/span><\/span><\/p>\n<p class=\"Texto_arial\"><span style=\"font-size: 10pt;\"><span style=\"font-family: arial,helvetica,sans-serif;\">&#8211; <a title=\"cuento policial\" href=\"upload\/cuento_policial.docx\" target=\"_blank\">El Cuento policial 1<\/a><\/span><\/span><\/p>\n<p class=\"Texto_arial\"><span style=\"font-size: 10pt;\"><span style=\"font-family: arial,helvetica,sans-serif;\">&#8211; <a title=\"El cuento policial.1\" href=\"upload\/El_cuento_policial.1.docx\" target=\"_blank\">El Cuento policial 2<\/a><\/span><\/span><\/p>\n<p class=\"Texto_arial\"><span style=\"font-size: 10pt;\"><span style=\"font-family: arial,helvetica,sans-serif;\">&#8211; <a title=\"EL LECTOR Y SUS CRITERIOS GUILLERMO MARTINEZ\" href=\"upload\/EL_LECTOR_Y_SUS_CRITERIOS_GUILLERMO_MARTINEZ.docx\" target=\"_blank\">Guillermo Mart&iacute;nez. <\/a><a title=\"EL LECTOR Y SUS CRITERIOS GUILLERMO MARTINEZ\" href=\"upload\/EL_LECTOR_Y_SUS_CRITERIOS_GUILLERMO_MARTINEZ.docx\" target=\"_blank\">El lector y sus criterios <br \/><\/a><\/span><\/span><\/p>\n<p class=\"Texto_arial\"><span style=\"font-size: 10pt;\"><span style=\"font-family: arial,helvetica,sans-serif;\">&#8211; <a title=\"EQUIPAJE DEL LECTOR-GEOGRAF&Iacute;A DEL TEXTO\" href=\"upload\/EQUIPAJE_DEL_LECTORGEOGRAFIA_DEL_TEXTO.docx\" target=\"_blank\">Equipaje del lector &#8211; Geograf&iacute;a del texto<br \/><\/a><\/span><\/span><\/p>\n<p class=\"Texto_arial\"><span style=\"font-size: 10pt;\"><span style=\"font-family: arial,helvetica,sans-serif;\">&#8211; <a title=\"rev monitor\" href=\"upload\/RevMonitor.doc\" target=\"_blank\">Revista el Monitor<\/a><\/span><\/span><\/p>\n<p class=\"Texto_arial\"><span style=\"font-size: 10pt;\"><span style=\"font-family: arial,helvetica,sans-serif;\">&#8211; <a title=\"dubois\" href=\"upload\/Dubois.pdf\" target=\"_blank\">Dubois<\/a><\/span><\/span><\/p>\n<p class=\"Texto_arial\"><span style=\"font-size: 10pt;\"><span style=\"font-family: arial,helvetica,sans-serif;\">&#8211; <a title=\"dise&ntilde;o especial\" href=\"upload\/teoria-marta.doc\" target=\"_blank\">Teor&iacute;a de la Literatura<\/a><\/span><\/span><\/p>\n<p><span style=\"font-size: 10pt;\"><span style=\"font-family: arial,helvetica,sans-serif;\">&nbsp;<\/span><\/span><\/p>\n<p><span style=\"font-size: 10pt;\"><span style=\"font-family: arial,helvetica,sans-serif;\"><strong><span style=\"text-decoration: underline;\">SEGUNDO A&Ntilde;O<\/span><\/strong><\/span><\/span><\/p>\n<p class=\"Texto_arial\" style=\"text-align: left;\"><span style=\"font-size: 10pt;\"><span style=\"font-family: arial,helvetica,sans-serif;\">&#8211; <span style=\"text-decoration: underline;\"><a title=\"teoria-marta\" href=\"upload\/Teoria_de_segundo_anio_I_1.doc\" target=\"_blank\">Teor&iacute;a de Literatura<\/a><\/span><\/span><\/span><\/p>\n<p>&#8211; &#65279;<a title=\"Istvan Schritter. La otra lectura, la educaci&oacute;n en los ni&ntilde;os\" href=\"upload\/Istvan_Schritter._La_otra_lectura_la_educacion_en_los_ninios.doc\" target=\"_blank\">Istvan Schritter. La otra lectura, la educaci&oacute;n en los ni&ntilde;os<\/a><\/p>\n<p>&#8211; <a title=\"Gemma Lluch\" href=\"upload\/Lluch_gema.pdf\" target=\"_blank\">Gemma Lluch<\/a><\/p>\n<p>&#8211; <a title=\"Cuentos Segundo A&ntilde;o 2014\" href=\"upload\/Cuentos_segundo_a%F1o_2014.pdf\" target=\"_blank\">Cuentos para Segundo A&ntilde;o 2014<\/a><\/p>\n<p>&#8211; <a title=\"Segundo listado de cuentos para lectura en biblioteca. Literatura Segundo a&ntilde;o.  2014\" href=\"upload\/Segundo_listado_de_cuentos_para_lectura_en_biblioteca.pdf\" target=\"_blank\">Segundo listado de cuentos para lectura en biblioteca<\/a><\/p>\n<p>&#8211; <a title=\"Libro Album y Libro Desplegable\" href=\"upload\/Libro_%E1lbum__y_libro_desplegable.pdf\" target=\"_blank\">Libro Album y Libro Desplegable<\/a><\/p>\n<p style=\"text-align: left;\"><strong><span style=\"font-size: 10pt;\" data-mce-mark=\"1\"><span style=\"font-family: arial,helvetica,sans-serif;\" data-mce-mark=\"1\">Seminario de Literatura:<\/span><\/span><\/strong><\/p>\n<p style=\"text-align: left;\"><span style=\"font-size: 10pt;\"><span style=\"font-family: arial,helvetica,sans-serif;\">&#8211; <a title=\"poes&iacute;a para seminario de Literatura\" href=\"upload\/poesia_para_seminario_de_Literatura.doc\" target=\"_blank\">Poes&iacute;a para seminario de Literatura<\/a><\/span><\/span><\/p>\n<p style=\"text-align: left;\"><span style=\"font-size: 10pt;\"><span style=\"font-family: arial,helvetica,sans-serif;\">&#8211; <a title=\"poes&iacute;as para chicos\" href=\"upload\/poesias_para_chicos.doc\" target=\"_blank\">Poes&iacute;a para chicos<\/a><\/span><\/span><\/p>\n<p style=\"text-align: left;\"><span style=\"font-size: 10pt;\"><span style=\"font-family: arial,helvetica,sans-serif;\">&#8211; <\/span><\/span><a title=\"Seminario de Literatura infantil 2011 Primera parte\" href=\"upload\/Seminario_de_Literatura_infantil_2011_Primera_parte.doc\" target=\"_blank\">Seminario de Literatura infantil 2011 Primera parte<\/a><\/p>\n<p style=\"text-align: left;\">&#8211; <a title=\"Seminario de literatura infantil 2011 Segunda parte\" href=\"upload\/Seminario_de_literatura_infantil_2011_Segunda_parte.doc\" target=\"_blank\">Seminario de Literatura infantil 2011 Segunda parte<\/a><\/p>\n<p style=\"text-align: left;\">&#8211; <a title=\"SEMINARIO DE LITERATURA INFANTIL 2011 tercera parte\" href=\"upload\/SEMINARIO_DE_LITERATURA_INFANTIL_2011_tercera_parte.doc\" target=\"_blank\">Seminario de Literatura infantil 2011 Tercera parte<\/a><\/p>\n<p style=\"text-align: left;\">&#8211; <a title=\"Leer &amp; Liar\" href=\"upload\/Leer_liar-_Petit_1.pdf\" target=\"_blank\">Leer &amp; Liar<\/a><\/p>\n<p style=\"text-align: left;\">&nbsp;<\/p>\n<p style=\"text-align: left;\"><span style=\"font-size: 10pt;\"><span style=\"font-family: arial,helvetica,sans-serif;\"><strong><span style=\"text-decoration: underline;\">TERCER A&Ntilde;O<\/span><\/strong><\/span><\/span><\/p>\n<p style=\"text-align: left;\"><span style=\"font-size: 10pt;\"><span style=\"font-family: arial,helvetica,sans-serif;\">&#8211; <a title=\"LECTURA Y BIBLIOTECAS\" href=\"upload\/lectura_y_bibliotecas.doc\" target=\"_blank\">Lectura y bibliotecas<\/a><\/span><\/span><\/p>\n<p style=\"text-align: left;\"><span style=\"font-size: 10pt;\"><span style=\"font-family: arial,helvetica,sans-serif;\">&#8211; <a title=\"Colomer - La literatura infantil en la escuela               \" href=\"upload\/La_literatura_infantil_en_la_escuela_Colomer.doc\" target=\"_blank\">Colomer -La literatura infantil en la escuela<\/a><br \/><\/span><\/span><\/p>\n<p style=\"text-align: left;\"><span style=\"font-size: 10pt;\"><span style=\"font-family: arial,helvetica,sans-serif;\">&#8211; <a title=\"BOMBINI, GUSTAVO - LA LITERATURA EN LA ESCUELA\" href=\"upload\/bombinigustavolaliteraturaenlaescuela.pdf\" target=\"_blank\">Bombini, Gustavo &#8211; La literatura en la escuela<\/a><br \/><\/span><\/span><\/p>\n<p style=\"text-align: left;\">&#8211; <a title=\"Teor&iacute;a de 2do. A&ntilde;o. Segundo Cuatrimestre\" href=\"upload\/Teoriade.doc\" target=\"_blank\">Teor&iacute;a de 3er. A&ntilde;o.<\/a><\/p>\n<p>&#8211; <a title=\"Colomer - La ensenanza de la literatura como construccion de sentido\" href=\"upload\/Colomer__La_ensenanza_de_la_literatura_como_construccion_de_sentido.pdf\" target=\"_blank\">Colomer. La ensenanza de la literatura como construccion de sentido<\/a><\/p>\n<p>&#8211; <a title=\"Bajour Cecilia\" href=\"upload\/Bajour_Cecilia.doc\" target=\"_blank\">Bajour Cecilia<\/a><\/p>\n<p>&#8211; <a title=\"Montes Graciela\" href=\"upload\/Montes_Graciela.pdf\" target=\"_blank\">Montes Graciela<\/a><\/p>\n<p>&#8211; <a title=\"Itinerario de Lectura\" href=\"upload\/itinerario_de_lectura.ppt\" target=\"_blank\">Itinerario de Lectura<\/a><\/p>\n<p>&#8211; <a title=\"Colomer Introd.a la lit. inf. y juv.\" href=\"upload\/Colomer_Introd.a_la_lit._inf._y_juv..pdf\" target=\"_blank\">Colomer. Introducci&oacute;n a la literatura infantil y juvenil<\/a><\/p>\n<p>&#8211; <a title=\"Rodarigianni - Gramatica de la fantasia. Introduccion al arte de inventar historias\" href=\"upload\/rodarigianni-gramaticadelafantasiaintroduccionalartedeinventarhistorias.pdf\" target=\"_blank\">Rodarigianni. Gram&aacute;tica de la fantas&iacute;a. Introducci&oacute;n al arte de inventar historias<\/a><\/p>\n<p>&#8211; <a title=\"Amado Rosa\" href=\"upload\/amado_rosa.pdf\" target=\"_blank\">Amado Rosa<\/a><\/p>\n<p>&#8211;&nbsp;<a title=\"Frugoni - Escribir Ficciones\" href=\"upload\/Frugoni-Escribir_ficciones.pdf\" target=\"_blank\">Frugoni. Escribir ficciones<\/a><\/p>\n<p>&#8211; <a title=\"Hanan Diaz Libros perturbadores para ninos\" href=\"upload\/Hanan_Diaz_Libros_perturbadores_para_ninos.pdf\" target=\"_blank\">Hanan Diaz. Libros perturbadores para ninos<\/a><\/p>\n<p>&#8211; <a title=\"lector formarse como\" href=\"upload\/lector_formarse_como.pdf\" target=\"_blank\">Formarse como lector<\/a><\/p>\n<p>&#8211; <a title=\"Taller de Lectura y Escritura\" href=\"upload\/TALLER_DE_LECTURA_Y_ESCRITURA.pdf\" target=\"_blank\">Taller de Lectura y Escritura<\/a><\/p>\n<p>&#8211; <a title=\"Trayectorias para 4to. Gu&iacute;a para docentes\" href=\"upload\/Trayectorias_para_4to._Gu%EDa_para_docentes.pdf\" target=\"_blank\">Trayectorias para 4to. Gu&iacute;a para docentes<\/a><\/p>\n<p>&#8211; <a title=\"Lectura de Novelas\" href=\"upload\/lectura_de_novelas.pdf\" target=\"_blank\">Lectura de Novelas<\/a><\/p>\n<p>&nbsp;<\/p>\n<hr>\n","protected":false},"excerpt":{"rendered":"<p>PRIMER A&Ntilde;O &#8211; El texto expositivo: Esquema &#8211; El envenenador&#8230; &#8211; El &uacute;ltimo lector-Ricardo Piglia &#8211; Teor&iacute;a cuento fantastico &#8211; Mario Vargas Llosa. Cartas a un novelista. Ariel. Barcelona. 1997&nbsp; &#8211; Ricardo Piglia. Formas breves &#8211; Cuentos para primer a&ntilde;o &#8211; El texto narrativo &#8211; Castagnino, Ra&uacute;l. \u00abCuento &#8211; Artefacto&rdquo; y artificios del cuento &#8211; &#8230; <a title=\"Materiales de C\u00e1tedra &#8211; \u00c1REA: ENSE\u00d1ANZA DE LENGUA Y LITERATURA\" class=\"read-more\" href=\"https:\/\/ifdvregina-rng.infd.edu.ar\/sitio\/materiales-de-catedra-area-ensenanza-de-lengua-y-literatura\/\" aria-label=\"More on Materiales de C\u00e1tedra &#8211; \u00c1REA: ENSE\u00d1ANZA DE LENGUA Y LITERATURA\">[+]<\/a><\/p>\n","protected":false},"author":580,"featured_media":0,"parent":0,"menu_order":0,"comment_status":"closed","ping_status":"closed","template":"","meta":[],"acf":[],"_links":{"self":[{"href":"https:\/\/ifdvregina-rng.infd.edu.ar\/sitio\/wp-json\/wp\/v2\/pages\/871"}],"collection":[{"href":"https:\/\/ifdvregina-rng.infd.edu.ar\/sitio\/wp-json\/wp\/v2\/pages"}],"about":[{"href":"https:\/\/ifdvregina-rng.infd.edu.ar\/sitio\/wp-json\/wp\/v2\/types\/page"}],"author":[{"embeddable":true,"href":"https:\/\/ifdvregina-rng.infd.edu.ar\/sitio\/wp-json\/wp\/v2\/users\/580"}],"replies":[{"embeddable":true,"href":"https:\/\/ifdvregina-rng.infd.edu.ar\/sitio\/wp-json\/wp\/v2\/comments?post=871"}],"version-history":[{"count":1,"href":"https:\/\/ifdvregina-rng.infd.edu.ar\/sitio\/wp-json\/wp\/v2\/pages\/871\/revisions"}],"predecessor-version":[{"id":969,"href":"https:\/\/ifdvregina-rng.infd.edu.ar\/sitio\/wp-json\/wp\/v2\/pages\/871\/revisions\/969"}],"wp:attachment":[{"href":"https:\/\/ifdvregina-rng.infd.edu.ar\/sitio\/wp-json\/wp\/v2\/media?parent=871"}],"curies":[{"name":"wp","href":"https:\/\/api.w.org\/{rel}","templated":true}]}}